{"id":134,"date":"2025-06-05T10:31:43","date_gmt":"2025-06-05T08:31:43","guid":{"rendered":"https:\/\/www.histdata.uni-halle.de\/?page_id=134"},"modified":"2025-10-10T16:32:07","modified_gmt":"2025-10-10T14:32:07","slug":"onlineworkshop-biografien-schreiben-mit-und-ohne-ki","status":"publish","type":"page","link":"https:\/\/www.histdata.uni-halle.de\/?page_id=134","title":{"rendered":"Onlineworkshop: Biografien schreiben: Mit und ohne KI"},"content":{"rendered":"\n<p>Wie recherchiert und schreibt man eine gute Biografie? Was sind eigentlich Themen und Thesen in der historischen Forschung, die auch eine ganz \u201enormale\u201c Biografie zu einem spannenden Forschungsprojekt werden lassen?<\/p>\n\n\n\n<p>Am 16. Oktober 2025 starten wir, Mitglieder der AG Digitale Landesgeschichte Sachsen-Anhalt, mit einem kleinen Experiment! Im Rahmen einer Workshopreihe mit insgesamt 15 Terminen wollen wir sowohl f\u00fcr Studierende als auch f\u00fcr alle anderen Interessierten Arbeitsweisen und digitale Methoden rund um das Thema vorstellen. Immer donnerstags zwischen 20:00 und 21:30 Uhr treffen wir uns in einem Onlinemeeting [<a href=\"https:\/\/us02web.zoom.us\/j\/8335618102\">https:\/\/us02web.zoom.us\/j\/8335618102<\/a>], um Einblicke in verschiedene Arbeitsfelder der Biografieforschung zu gewinnen. Weil wir in unserer Freizeit ein Biografieportal f\u00fcr das Bundesland Sachsen-Anhalt [<a href=\"https:\/\/www.histdata.uni-halle.de\/\">histdata.uni-halle.de<\/a>] aufbauen, besch\u00e4ftigen wir uns mit vielen Fragen rund um das Thema. Nat\u00fcrlich wollen wir Sie auch dazu verlocken, neue Biografien f\u00fcr das Portal zu verfassen, sofern Sie Zeit und Lust dazu haben!<\/p>\n\n\n\n<p>W\u00e4hrend der erste Termin eine kleine Einf\u00fchrung in die Organisation beinhaltet (besonders f\u00fcr alle, die im Rahmen der Workshopreihe ganz ernsthaft auch Biografien recherchieren und schreiben wollen), geht es ab dem zweiten Termin mit der Vorstellung von zwei Beispielbiografien los und startet damit inhaltlich. W\u00f6chentlich wird zwischen dem ersten Termin und dem 5. Februar 2026 (mit einer Pause zwischen Weihnachten und Neujahr) jeweils eine thematisch orientierte Sitzung stattfinden, die zun\u00e4chst Fragen der Recherche und des Schreibens von Biografien behandelt und Handwerkszeug dazu vermittelt (Normdaten, Bildanalyse, Nutzung von KI, digitales Publizieren). Nach diesen praktischen Details m\u00f6chten wir spannende Fragestellungen der Geschichtswissenschaft vorstellen, die sich auch anhand von einzelnen Biografien beleuchten lassen, Familienbiografien mit historischem Wissen bereichern k\u00f6nnen und so noch lesenswerter machen. Thematisch konzentrieren wir uns auf die Zeit zwischen 1850 und 1950.<\/p>\n\n\n\n<p>Wann wir welches Thema bearbeiten, k\u00f6nnen Sie dem Ablaufplan zum Workshop entnehmen. Im Kalender des Vereins f\u00fcr Computergenealogie [<a href=\"https:\/\/www.compgen.de\/kommunizieren\/%23veranstaltungen\">https:\/\/www.compgen.de\/kommunizieren\/#veranstaltungen<\/a>] sind alle Termine genau beschrieben, so dass Sie ausw\u00e4hlen k\u00f6nnen, welche Sitzungen f\u00fcr Sie interessant sind. Eine Anmeldung ist nicht n\u00f6tig, zum Mitmachen ist aber manchmal die Installation eines Programms notwendig oder es wird ein spannender Text empfohlen.<\/p>\n\n\n\n<p>Alle Folien und Materialien zur Workshopreihe werden zun\u00e4chst auf der Cloud hochgeladen [<a href=\"https:\/\/cloud.uni-halle.de\/s\/A2MY57Ph1Pexdy0\">https:\/\/cloud.uni-halle.de\/s\/A2MY57Ph1Pexdy0<\/a>] und sollen nach und nach auch bei Zenodo ver\u00f6ffentlicht werden.<a href=\"mailto:hinfo@geschichte.uni-halle.de\">hinfo@geschichte.uni-halle.de<\/a> an.<\/p>\n\n\n\n<p>Der Workshop findet digital statt, 16.10.2025 bis 8.2.2026 immer donnerstags, 20:00-21:30 Uhr<\/p>\n\n\n\n<p><a href=\"https:\/\/us02web.zoom.us\/j\/8335618102\">https:\/\/us02web.zoom.us\/j\/8335618102<\/a><\/p>\n\n\n\n<p><strong>Hier eine kurze \u00dcbersicht zu den Terminen:<\/strong><\/p>\n\n\n\n<ul class=\"wp-block-list\">\n<li>16.10.2025: Einf\u00fchrung und Organisatorisches<\/li>\n\n\n\n<li>23.10.2025: Katja Liebing und Julian Freytag stellen ihre Abschlussarbeiten vor und erz\u00e4hlen, wie sie zum biografischen Arbeiten gekommen sind<\/li>\n\n\n\n<li>30.10.2025: Biografische Recherche archivalischer Quellen<\/li>\n\n\n\n<li>6.11.2025: Biografische Recherchen in gedruckten Quellen und Datenbanken<\/li>\n\n\n\n<li>13.11.2025: Wie konzipiert man eine Biografie? Theoretische Ans\u00e4tze<\/li>\n\n\n\n<li>20.11.2025: Vernetztes Wissen: Praktisches Wissen rund um Normdaten, webbasiertes Linkage und zur Identifizierung von Personen<\/li>\n\n\n\n<li>27.11.2025: Datenschutz, Urheberrecht, Ethik und das richtige Management von Quellen<\/li>\n\n\n\n<li>4.12.2025: KI-Systeme zur Erschlie\u00dfung von Quellen<\/li>\n\n\n\n<li>11.12.2025: Kontextualisierung von Biografien mit Large Language Models<\/li>\n\n\n\n<li>18.12.2025: Ein Blick in das Biografieportal Sachsen-Anhalt: FuD und die Anlage von Biografien<\/li>\n\n\n\n<li>8.1.2026: Individualisierung \u2013 eine spannende These aus der Wissenschaft, vorgestellt anhand von Bilderserien und Ideen<\/li>\n\n\n\n<li>15.1.2026: Frauengeschichten: Was ist spannend an Heirat, Haushalt und Erziehung?<\/li>\n\n\n\n<li>22.1.2026: Berufsausbildung und Arbeitswelt: Vernachl\u00e4ssigte Themen f\u00fcr Erwerbsbiografien von Frauen und M\u00e4nnern<\/li>\n\n\n\n<li>29.1.2026: Alter, Krankheit, Tod \u2013 geh\u00f6rt das in eine Biografie?<\/li>\n\n\n\n<li>5.2.2026: Wie kann ich meinen Text professionell digital publizieren, damit er von anderen wahrgenommen wird?<\/li>\n<\/ul>\n\n\n\n<p><strong>Kontakt:<\/strong><\/p>\n\n\n\n<p>Dr. Katrin Moeller<\/p>\n\n\n\n<p>katrin.moeller@geschichte.uni-halle.de<\/p>\n","protected":false},"excerpt":{"rendered":"<p>Wie recherchiert und schreibt man eine gute Biografie? Was sind eigentlich Themen und Thesen in der historischen Forschung, die auch eine ganz \u201enormale\u201c Biografie zu einem spannenden Forschungsprojekt werden lassen? Am 16. Oktober 2025 starten wir, Mitglieder der AG Digitale Landesgeschichte Sachsen-Anhalt, mit einem kleinen Experiment! Im Rahmen einer Workshopreihe &#8230;<\/p>\n<p> <a class=\"continue-reading-link\" href=\"https:\/\/www.histdata.uni-halle.de\/?page_id=134\"><span>Continue reading<\/span><i class=\"crycon-right-dir\"><\/i><\/a> <\/p>\n","protected":false},"author":1,"featured_media":108,"parent":0,"menu_order":0,"comment_status":"closed","ping_status":"closed","template":"","meta":{"footnotes":""},"class_list":["post-134","page","type-page","status-publish","has-post-thumbnail","hentry"],"_links":{"self":[{"href":"https:\/\/www.histdata.uni-halle.de\/index.php?rest_route=\/wp\/v2\/pages\/134"}],"collection":[{"href":"https:\/\/www.histdata.uni-halle.de\/index.php?rest_route=\/wp\/v2\/pages"}],"about":[{"href":"https:\/\/www.histdata.uni-halle.de\/index.php?rest_route=\/wp\/v2\/types\/page"}],"author":[{"embeddable":true,"href":"https:\/\/www.histdata.uni-halle.de\/index.php?rest_route=\/wp\/v2\/users\/1"}],"replies":[{"embeddable":true,"href":"https:\/\/www.histdata.uni-halle.de\/index.php?rest_route=%2Fwp%2Fv2%2Fcomments&post=134"}],"version-history":[{"count":4,"href":"https:\/\/www.histdata.uni-halle.de\/index.php?rest_route=\/wp\/v2\/pages\/134\/revisions"}],"predecessor-version":[{"id":140,"href":"https:\/\/www.histdata.uni-halle.de\/index.php?rest_route=\/wp\/v2\/pages\/134\/revisions\/140"}],"wp:featuredmedia":[{"embeddable":true,"href":"https:\/\/www.histdata.uni-halle.de\/index.php?rest_route=\/wp\/v2\/media\/108"}],"wp:attachment":[{"href":"https:\/\/www.histdata.uni-halle.de\/index.php?rest_route=%2Fwp%2Fv2%2Fmedia&parent=134"}],"curies":[{"name":"wp","href":"https:\/\/api.w.org\/{rel}","templated":true}]}}