{"id":2,"date":"2023-08-18T08:42:46","date_gmt":"2023-08-18T06:42:46","guid":{"rendered":"https:\/\/www.histdata.uni-halle.de\/?page_id=2"},"modified":"2024-09-15T20:19:41","modified_gmt":"2024-09-15T18:19:41","slug":"beispiel-seite","status":"publish","type":"page","link":"https:\/\/www.histdata.uni-halle.de\/","title":{"rendered":"Biografieportal Sachsen-Anhalt"},"content":{"rendered":"\n<h2 class=\"wp-block-heading\">Menschen schreiben Geschichte(n)<\/h2>\n\n\n\n<p><\/p>\n\n\n\n<p>Was macht das Bundesland Sachsen-Anhalt aus? Von den vielen m\u00f6glichen Antworten ist eine der sch\u00f6nsten: Seine Menschen! <\/p>\n\n\n\n<p>Gerade weil die Geschichte des heutigen Bundeslandes Sachsen-Anhalt nicht durch einen Jahrhunderte alten einheitlichen Herrschaftsraum gepr\u00e4gt ist, verbindet das Land seine Einwohner und Einwohnerinnen mit ihren zahllosen tollk\u00fchnen Ideen und Erfindungen, Pl\u00e4nen und Zielen, Ansichten und W\u00fcnschen. In der &#8222;Zeit lesen wir den Raum&#8220; m\u00f6chte man die Worte von Karl Schl\u00f6gl (&#8222;im Raume lesen wir die Zeit&#8220;) umkehren. Die gro\u00dfe Geschichte in den Biografien der Menschen konkret sichtbar zu machen und zu erkl\u00e4ren, was Menschen in und aus Sachsen-Anhalt zu ihren Handlungen bewegte, ist das Ziel dieses Biografieportals.<\/p>\n\n\n\n<p>Gerade weil das Land Sachsen-Anhalt eine noch junge Geschichte und wenige Institutionen der Landesgeschichte besitzt, die seit Jahrhunderten die Geschichte erforschen, sind viele Biografien bis heute unentdeckt und ungeschrieben geblieben. <strong>Machen Sie mit<\/strong>! Und entdecken Sie Sachsen-Anhalt \u00fcber seine Menschen. Gerne ver\u00f6ffentlichen wir Biografien, wenn sie bestimmte Anforderungen erf\u00fcllen. Zudem m\u00f6chten wir mit diesem Portal weit verstreute Biografien zusammenbringen. Dazu holen wir einerseits bestehende Biografien aus alten Ver\u00f6ffentlichungen ins Netz, erschlie\u00dfen diese oder publizieren Biografien aus veralteten Webangeboten als Zweitver\u00f6ffentlichungen und sichern f\u00fcr diese die Langzeitarchivierung. Andererseits sind wir auf der Suche nach neuen Biografien von bekannten oder unbekannten Menschen aus und in Sachsen-Anhalt.<\/p>\n\n\n\n<p>Das Biografieportal ist ein Portal f\u00fcr alle. Mitmachen kann vom Sch\u00fcler bis zum Citizen Scientist, vom Ortschronisten bis zur Wissenschaftlerin jeder oder jede, der oder die sich ebenfalls f\u00fcr die Biografien interessiert. Das Portal ist ein Kooperationsprojekt des Historischen Datenzentrums Sachsen-Anhalt der Martin-Luther-Universit\u00e4t Halle-Wittenberg, des Instituts f\u00fcr Landesgeschichte am Landesamt f\u00fcr Denkmalpflege und Arch\u00e4ologie in Sachsen-Anhalt und der Historischen Kommission f\u00fcr Sachsen-Anhalt. Technisch werden wir vom ITZ der MLU und vom Servicezentrum eScience der Universit\u00e4t Trier unterst\u00fctzt. Im Gro\u00dfen und Ganzen handelt es sich dabei um ein Projekt ohne besondere Finanzierung, sondern es lebt vom Engagement der einzelnen Akteure. Wir freuen uns daher immer \u00fcber direkte Mitarbeit (mit Arbeit direkt im Portal) oder Unterst\u00fctzung beim Schreiben von Biografien, Lizenzkl\u00e4rungen oder Bildrecherchen.<\/p>\n\n\n\n<p><\/p>\n","protected":false},"excerpt":{"rendered":"<p>Menschen schreiben Geschichte(n) Was macht das Bundesland Sachsen-Anhalt aus? Von den vielen m\u00f6glichen Antworten ist eine der sch\u00f6nsten: Seine Menschen! Gerade weil die Geschichte des heutigen Bundeslandes Sachsen-Anhalt nicht durch einen Jahrhunderte alten einheitlichen Herrschaftsraum gepr\u00e4gt ist, verbindet das Land seine Einwohner und Einwohnerinnen mit ihren zahllosen tollk\u00fchnen Ideen und &#8230;<\/p>\n<p> <a class=\"continue-reading-link\" href=\"https:\/\/www.histdata.uni-halle.de\/\"><span>Continue reading<\/span><i class=\"crycon-right-dir\"><\/i><\/a> <\/p>\n","protected":false},"author":1,"featured_media":0,"parent":0,"menu_order":0,"comment_status":"closed","ping_status":"open","template":"","meta":{"footnotes":""},"class_list":["post-2","page","type-page","status-publish","hentry"],"_links":{"self":[{"href":"https:\/\/www.histdata.uni-halle.de\/index.php?rest_route=\/wp\/v2\/pages\/2"}],"collection":[{"href":"https:\/\/www.histdata.uni-halle.de\/index.php?rest_route=\/wp\/v2\/pages"}],"about":[{"href":"https:\/\/www.histdata.uni-halle.de\/index.php?rest_route=\/wp\/v2\/types\/page"}],"author":[{"embeddable":true,"href":"https:\/\/www.histdata.uni-halle.de\/index.php?rest_route=\/wp\/v2\/users\/1"}],"replies":[{"embeddable":true,"href":"https:\/\/www.histdata.uni-halle.de\/index.php?rest_route=%2Fwp%2Fv2%2Fcomments&post=2"}],"version-history":[{"count":10,"href":"https:\/\/www.histdata.uni-halle.de\/index.php?rest_route=\/wp\/v2\/pages\/2\/revisions"}],"predecessor-version":[{"id":120,"href":"https:\/\/www.histdata.uni-halle.de\/index.php?rest_route=\/wp\/v2\/pages\/2\/revisions\/120"}],"wp:attachment":[{"href":"https:\/\/www.histdata.uni-halle.de\/index.php?rest_route=%2Fwp%2Fv2%2Fmedia&parent=2"}],"curies":[{"name":"wp","href":"https:\/\/api.w.org\/{rel}","templated":true}]}}