{"id":40,"date":"2024-09-06T09:59:00","date_gmt":"2024-09-06T07:59:00","guid":{"rendered":"https:\/\/www.histdata.uni-halle.de\/?page_id=40"},"modified":"2024-09-16T11:32:21","modified_gmt":"2024-09-16T09:32:21","slug":"ueber-das-projekt","status":"publish","type":"page","link":"https:\/\/www.histdata.uni-halle.de\/?page_id=40","title":{"rendered":"Projektbeteiligte"},"content":{"rendered":"\n<div class=\"wp-block-media-text is-stacked-on-mobile\" style=\"grid-template-columns:39% auto\"><figure class=\"wp-block-media-text__media\"><img loading=\"lazy\" decoding=\"async\" width=\"318\" height=\"159\" src=\"https:\/\/www.histdata.uni-halle.de\/wp-content\/uploads\/2024\/09\/Logo_Hiko.png\" alt=\"\" class=\"wp-image-54 size-full\" srcset=\"https:\/\/www.histdata.uni-halle.de\/wp-content\/uploads\/2024\/09\/Logo_Hiko.png 318w, https:\/\/www.histdata.uni-halle.de\/wp-content\/uploads\/2024\/09\/Logo_Hiko-300x150.png 300w, https:\/\/www.histdata.uni-halle.de\/wp-content\/uploads\/2024\/09\/Logo_Hiko-150x75.png 150w\" sizes=\"(max-width: 318px) 100vw, 318px\" \/><\/figure><div class=\"wp-block-media-text__content\">\n<p class=\"has-text-align-right\">Das Biografieportal ist ein Projekt der AG Digitale Landesgeschichte der Historischen Kommission f\u00fcr Sachsen-Anhalt. In der AG engagieren sich interessierte Landeshistoriker und Landeshistorikerinnen aus Vereinen, Institutionen, Universit\u00e4ten und Citizen Science.<\/p>\n\n\n\n<p><a href=\"https:\/\/www.historische-kommission-fuer-sachsen-anhalt.de\/arbeitskreise\/ak-digitale-landesgeschichte\">https:\/\/www.historische-kommission-fuer-sachsen-anhalt.de\/arbeitskreise\/ak-digitale-landesgeschichtesion-fuer-sachsen-anhalt.de)<\/a><\/p>\n<\/div><\/div>\n\n\n\n<div class=\"wp-block-media-text has-media-on-the-right is-stacked-on-mobile\" style=\"grid-template-columns:auto 35%\"><div class=\"wp-block-media-text__content\">\n<p class=\"has-text-align-right\">Das Historische Datenzentrum Sachsen-Anhalt (HistData) koordiniert und leitet die Aktivit\u00e4ten zum Biografieportal und sichert gemeinsam mit Thomas Zimmermann und dem ITZ der MLU Halle-Wittenberg die Grundlagen zum Betrieb der technischen Plattform mit dem Blogsystem und Servern ab. HistData unterst\u00fctzt zudem alle Prozesse zur digitalen Erschlie\u00dfung und Weiterverarbeitung der Biografien.<\/p>\n\n\n\n<p><a href=\"https:\/\/www.geschichte.uni-halle.de\/struktur\/hist-data\/\">https:\/\/www.geschichte.uni-halle.de\/struktur\/hist-data\/<\/a><\/p>\n<\/div><figure class=\"wp-block-media-text__media\"><img loading=\"lazy\" decoding=\"async\" width=\"400\" height=\"368\" src=\"https:\/\/www.histdata.uni-halle.de\/wp-content\/uploads\/2024\/09\/logo_histdata_halle_ohin.jpg\" alt=\"\" class=\"wp-image-55 size-full\" srcset=\"https:\/\/www.histdata.uni-halle.de\/wp-content\/uploads\/2024\/09\/logo_histdata_halle_ohin.jpg 400w, https:\/\/www.histdata.uni-halle.de\/wp-content\/uploads\/2024\/09\/logo_histdata_halle_ohin-300x276.jpg 300w, https:\/\/www.histdata.uni-halle.de\/wp-content\/uploads\/2024\/09\/logo_histdata_halle_ohin-150x138.jpg 150w\" sizes=\"(max-width: 400px) 100vw, 400px\" \/><\/figure><\/div>\n\n\n\n<div class=\"wp-block-media-text is-stacked-on-mobile\" style=\"grid-template-columns:43% auto\"><figure class=\"wp-block-media-text__media\"><img loading=\"lazy\" decoding=\"async\" width=\"1024\" height=\"270\" src=\"https:\/\/www.histdata.uni-halle.de\/wp-content\/uploads\/2024\/09\/Logo_LDASA_Logo-1024x270.jpg\" alt=\"\" class=\"wp-image-57 size-full\" srcset=\"https:\/\/www.histdata.uni-halle.de\/wp-content\/uploads\/2024\/09\/Logo_LDASA_Logo-1024x270.jpg 1024w, https:\/\/www.histdata.uni-halle.de\/wp-content\/uploads\/2024\/09\/Logo_LDASA_Logo-300x79.jpg 300w, https:\/\/www.histdata.uni-halle.de\/wp-content\/uploads\/2024\/09\/Logo_LDASA_Logo-768x202.jpg 768w, https:\/\/www.histdata.uni-halle.de\/wp-content\/uploads\/2024\/09\/Logo_LDASA_Logo-150x40.jpg 150w, https:\/\/www.histdata.uni-halle.de\/wp-content\/uploads\/2024\/09\/Logo_LDASA_Logo.jpg 1082w\" sizes=\"(max-width: 1024px) 100vw, 1024px\" \/><\/figure><div class=\"wp-block-media-text__content\">\n<p>Das Institut f\u00fcr Landesgeschichte am Landesamt f\u00fcr Denkmalpflege und Arch\u00e4ologie Sachsen-Anhalt hat das Projekt \u00fcber mehrere Jahre gef\u00f6rdert und mit vielen Ideen und Anregungen unterst\u00fctzt. Als Projektpartner hat das Institut viele biografische Daten aus und in Sachsen-Anhalt zusammengetragen und zum Portal beigesteuert.<\/p>\n\n\n\n<p><a href=\"https:\/\/www.lda-lsa.de\/landesgeschichte\/institut-fuer-landesgeschichte\">https:\/\/www.lda-lsa.de\/landesgeschichte\/institut-fuer-landesgeschichte<\/a><\/p>\n<\/div><\/div>\n\n\n\n<div class=\"wp-block-media-text has-media-on-the-right is-stacked-on-mobile\" style=\"grid-template-columns:auto 33%\"><div class=\"wp-block-media-text__content\">\n<p class=\"has-text-align-right\">Das Servicezentrum eScience der Universit\u00e4t Trier stellt mit der Virtuellen Forschungsumgebung FuD eine Server-Client-L\u00f6sung f\u00fcr den Betrieb des Portals zur Verf\u00fcgung, die es erlaubt, die vielen Daten kompetent und strukturiert zu verwalten und zu visualisieren. Das Team aus Trier hilft bei vielen Fragen der Datenbankstrukturierung und Indizierung.<\/p>\n\n\n\n<p class=\"has-text-align-right\"><a href=\"https:\/\/fud.uni-trier.de\/\">https:\/\/fud.uni-trier.de\/<\/a><\/p>\n<\/div><figure class=\"wp-block-media-text__media\"><img loading=\"lazy\" decoding=\"async\" width=\"600\" height=\"600\" src=\"https:\/\/www.histdata.uni-halle.de\/wp-content\/uploads\/2024\/09\/FuD_Logo.png\" alt=\"\" class=\"wp-image-56 size-full\" srcset=\"https:\/\/www.histdata.uni-halle.de\/wp-content\/uploads\/2024\/09\/FuD_Logo.png 600w, https:\/\/www.histdata.uni-halle.de\/wp-content\/uploads\/2024\/09\/FuD_Logo-300x300.png 300w, https:\/\/www.histdata.uni-halle.de\/wp-content\/uploads\/2024\/09\/FuD_Logo-150x150.png 150w\" sizes=\"(max-width: 600px) 100vw, 600px\" \/><\/figure><\/div>\n\n\n\n<div class=\"wp-block-media-text is-stacked-on-mobile\" style=\"grid-template-columns:51% auto\"><figure class=\"wp-block-media-text__media\"><img loading=\"lazy\" decoding=\"async\" width=\"750\" height=\"320\" src=\"https:\/\/www.histdata.uni-halle.de\/wp-content\/uploads\/2024\/09\/csm_Banner-Digital2030_1611aa0fe7-1.jpg\" alt=\"\" class=\"wp-image-63 size-full\" srcset=\"https:\/\/www.histdata.uni-halle.de\/wp-content\/uploads\/2024\/09\/csm_Banner-Digital2030_1611aa0fe7-1.jpg 750w, https:\/\/www.histdata.uni-halle.de\/wp-content\/uploads\/2024\/09\/csm_Banner-Digital2030_1611aa0fe7-1-300x128.jpg 300w, https:\/\/www.histdata.uni-halle.de\/wp-content\/uploads\/2024\/09\/csm_Banner-Digital2030_1611aa0fe7-1-150x64.jpg 150w\" sizes=\"(max-width: 750px) 100vw, 750px\" \/><\/figure><div class=\"wp-block-media-text__content\">\n<p>Das Land Sachsen-Anhalt f\u00f6rdert seit Juli 2024 die Langzeitarchivierung, Neuerstellung von Biografien und Bilderschlie\u00dfung f\u00fcr das Portal. Damit geht das Biografienportal mit an den Start zur Strategie Sachsen-Anhalt Digital 2030!<\/p>\n\n\n\n<p><a href=\"https:\/\/mid.sachsen-anhalt.de\/digitales\/strategie-sachsen-anhalt-digital-2030\">https:\/\/mid.sachsen-anhalt.de\/digitales\/strategie-sachsen-anhalt-digital-2030<\/a><\/p>\n<\/div><\/div>\n\n\n\n<div class=\"wp-block-media-text has-media-on-the-right is-stacked-on-mobile\" style=\"grid-template-columns:auto 48%\"><div class=\"wp-block-media-text__content\">\n<p>Das ISGV betreibt ein wunderbares biografisches Lexikon f\u00fcr Sachsen, hat uns viele Ideen und Impulse gegeben und mit uns gemeinsam dar\u00fcber nachgedacht wie &#8222;s\u00e4chsische&#8220; und &#8222;sachsen-anhaltinische&#8220; Biografienportale langfristig zusammenwirken k\u00f6nnten.<\/p>\n\n\n\n<p><a href=\"https:\/\/saebi.isgv.de\/\">https:\/\/saebi.isgv.de\/<\/a><\/p>\n<\/div><figure class=\"wp-block-media-text__media\"><img loading=\"lazy\" decoding=\"async\" width=\"1024\" height=\"414\" src=\"https:\/\/www.histdata.uni-halle.de\/wp-content\/uploads\/2024\/09\/ISGV_LogoText_ohne_ev-1024x414.jpg\" alt=\"\" class=\"wp-image-112 size-full\" srcset=\"https:\/\/www.histdata.uni-halle.de\/wp-content\/uploads\/2024\/09\/ISGV_LogoText_ohne_ev-1024x414.jpg 1024w, https:\/\/www.histdata.uni-halle.de\/wp-content\/uploads\/2024\/09\/ISGV_LogoText_ohne_ev-300x121.jpg 300w, https:\/\/www.histdata.uni-halle.de\/wp-content\/uploads\/2024\/09\/ISGV_LogoText_ohne_ev-768x311.jpg 768w, https:\/\/www.histdata.uni-halle.de\/wp-content\/uploads\/2024\/09\/ISGV_LogoText_ohne_ev-150x61.jpg 150w, https:\/\/www.histdata.uni-halle.de\/wp-content\/uploads\/2024\/09\/ISGV_LogoText_ohne_ev.jpg 1480w\" sizes=\"(max-width: 1024px) 100vw, 1024px\" \/><\/figure><\/div>\n\n\n\n<p><\/p>\n","protected":false},"excerpt":{"rendered":"<p>Das Biografieportal ist ein Projekt der AG Digitale Landesgeschichte der Historischen Kommission f\u00fcr Sachsen-Anhalt. In der AG engagieren sich interessierte Landeshistoriker und Landeshistorikerinnen aus Vereinen, Institutionen, Universit\u00e4ten und Citizen Science. https:\/\/www.historische-kommission-fuer-sachsen-anhalt.de\/arbeitskreise\/ak-digitale-landesgeschichtesion-fuer-sachsen-anhalt.de) Das Historische Datenzentrum Sachsen-Anhalt (HistData) koordiniert und leitet die Aktivit\u00e4ten zum Biografieportal und sichert gemeinsam mit Thomas Zimmermann und &#8230;<\/p>\n<p> <a class=\"continue-reading-link\" href=\"https:\/\/www.histdata.uni-halle.de\/?page_id=40\"><span>Continue reading<\/span><i class=\"crycon-right-dir\"><\/i><\/a> <\/p>\n","protected":false},"author":1,"featured_media":0,"parent":0,"menu_order":0,"comment_status":"closed","ping_status":"closed","template":"","meta":{"footnotes":""},"class_list":["post-40","page","type-page","status-publish","hentry"],"_links":{"self":[{"href":"https:\/\/www.histdata.uni-halle.de\/index.php?rest_route=\/wp\/v2\/pages\/40"}],"collection":[{"href":"https:\/\/www.histdata.uni-halle.de\/index.php?rest_route=\/wp\/v2\/pages"}],"about":[{"href":"https:\/\/www.histdata.uni-halle.de\/index.php?rest_route=\/wp\/v2\/types\/page"}],"author":[{"embeddable":true,"href":"https:\/\/www.histdata.uni-halle.de\/index.php?rest_route=\/wp\/v2\/users\/1"}],"replies":[{"embeddable":true,"href":"https:\/\/www.histdata.uni-halle.de\/index.php?rest_route=%2Fwp%2Fv2%2Fcomments&post=40"}],"version-history":[{"count":14,"href":"https:\/\/www.histdata.uni-halle.de\/index.php?rest_route=\/wp\/v2\/pages\/40\/revisions"}],"predecessor-version":[{"id":130,"href":"https:\/\/www.histdata.uni-halle.de\/index.php?rest_route=\/wp\/v2\/pages\/40\/revisions\/130"}],"wp:attachment":[{"href":"https:\/\/www.histdata.uni-halle.de\/index.php?rest_route=%2Fwp%2Fv2%2Fmedia&parent=40"}],"curies":[{"name":"wp","href":"https:\/\/api.w.org\/{rel}","templated":true}]}}