{"id":72,"date":"2024-09-06T12:55:51","date_gmt":"2024-09-06T10:55:51","guid":{"rendered":"https:\/\/www.histdata.uni-halle.de\/?page_id=72"},"modified":"2024-09-16T11:35:49","modified_gmt":"2024-09-16T09:35:49","slug":"ueber-das-projekt-2","status":"publish","type":"page","link":"https:\/\/www.histdata.uni-halle.de\/?page_id=72","title":{"rendered":"\u00dcber das Projekt &#8230;"},"content":{"rendered":"\n<p>Das Biografieportal Sachsen-Anhalt ist ein Mitmachprojekt der AG Digitale Geschichtswissenschaft der Historischen Kommission Sachsen-Anhalt, des Historischen Datenzentrums Sachsen-Anhalt und des Instituts f\u00fcr Landesgeschichte am Landesamt f\u00fcr Denkmalpflege und Arch\u00e4ologie Sachsen-Anhalt. Ziel des Projektes ist die Sammlung und Erschlie\u00dfung von Biografien zu Pers\u00f6nlichkeiten in und aus dem Gebiet des heutigen Bundeslandes Sachsen-Anhalt. Das Projekt lebt vom Engagement aller Beteiligten und verf\u00fcgt nicht \u00fcber eine separate Grundfinanzierung. <\/p>\n\n\n\n<p>Biografien sind zun\u00e4chst Texte und\/oder Lebensverl\u00e4ufe von Menschen, die entweder aufgrund ihrer Lebensleistungen oder im Zuge von Generations- und Kollektivbiografien f\u00fcr die historische Forschung und die Erinnerungskultur interessant sind. Diese Biografien k\u00f6nnen im Biografieportal als erschlossene Texte oder strukturierte Lebensverl\u00e4ufe gesammelt und publiziert werden. Zugleich werden f\u00fcr jede Biografie sogenannte Metadaten, wie Geburts- und Sterbedatum und -orte, Namensvarianten, Berufe festgehalten und mittels kontrollierter Vokabulare bzw. Normdaten erschlossen. So bekommt jede Person identifizierende Normdaten zugewiesen (entweder eine Identifikationsnummer der GND oder von FactGrid), um \u00fcber diese zentrale Ressourcen der Ged\u00e4chtniseinrichtungen webbasiert zu verkn\u00fcpfen und so Forschungen zu erleichtern. Auch andere Informationen wie zentrale Ereignisse, Sachbegriffe, Berufe, Beziehungen, Verwandtschaften oder Orte werden so strukturiert recherchierbar, aber auch auswertbar.<\/p>\n\n\n\n<p>Zuk\u00fcnftig m\u00f6chten wir Quellenbelege, Bilder, Werke und Literaturangaben in einer Literaturdatenbank (Zotero) ebenfalls strukturiert verwalten. Dieser Bereich steht f\u00fcr alle neuen Biografien sofort zur Nutzung bereit, f\u00fcr die \u00e4lteren Biografien m\u00fcssen diese Nachweise noch recherchiert und in Zotero \u00fcberf\u00fchrt werden.<\/p>\n\n\n\n<p>Das Portal verfolgt ein dreistufiges Publikationskonzept, dass zudem Verarbeitungsstufen der Web- und Langzeitpublikation vorsieht:<\/p>\n\n\n\n<h2 class=\"wp-block-heading\">1. Publikationsstufe: Sammeln und Strukturieren<\/h2>\n\n\n\n<p>Intern k\u00f6nnen \u00fcber die Server-Client-L\u00f6sung FuD der Universit\u00e4t Trier, einer sogenannten virtuellen Forschungsumgebung und Datenbankl\u00f6sung, Daten einzeln oder gemeinsam gesammelt und gepflegt werden. Auf diese Weise k\u00f6nnen Biografien unver\u00f6ffentlicht bleiben, bis gen\u00fcgend Material f\u00fcr eine Biografie gesammelt wurde. Intern stehen alle M\u00f6glichkeiten der datenbankbasierten Erschlie\u00dfung nach Anmeldung zur Verf\u00fcgung.<\/p>\n\n\n\n<h2 class=\"wp-block-heading\">2. Publikationsstufe: Webver\u00f6ffentlichung mit Normdaten und Linked Open Data<\/h2>\n\n\n\n<p>Nach einer Kontrolle des Artikels durch die Autoren der Biografien wird dieser auf den Seiten des Biografieportals ver\u00f6ffentlicht. Dabei k\u00f6nnen weitere \u00c4nderungen am Text vorgenommen werden. Jeweils die aktuelle Fassung des Textes wird angezeigt, \u00c4nderungen werden nicht dokumentiert.<\/p>\n\n\n\n<h2 class=\"wp-block-heading\">3. Publikationsstufe: Dauerhafte Publikation mit dauerhaften (persistenten) Identifiern<\/h2>\n\n\n\n<p>Irgendwann ist eine Biografie so gut, dass sie dauerhaft publiziert werden sollte. Dies erfolgt im Biografieportal \u00fcber die Langzeitarchivierung &#8222;RADAR&#8220; des FIZ-Karlsruhe. Dies erm\u00f6glicht es auch, Fassungen eines Autors f\u00fcr 25 Jahre und mehr zu konservieren. Selbst wenn dann eine Biografie weiter ver\u00e4ndert und bearbeitet wird, bleibt die einmal erarbeitete Biografie erhalten und kann dauerhaft \u00fcber eine persistente DOI abgerufen werden. Unter der gleichen Identifikationsnummer (DOI) bzw. unver\u00e4nderlichen Webadresse k\u00f6nnen sp\u00e4ter weitere Versionen, auch mit anderen oder neuen Autoren und Autorinnen, publiziert werden.<\/p>\n","protected":false},"excerpt":{"rendered":"<p>Das Biografieportal Sachsen-Anhalt ist ein Mitmachprojekt der AG Digitale Geschichtswissenschaft der Historischen Kommission Sachsen-Anhalt, des Historischen Datenzentrums Sachsen-Anhalt und des Instituts f\u00fcr Landesgeschichte am Landesamt f\u00fcr Denkmalpflege und Arch\u00e4ologie Sachsen-Anhalt. Ziel des Projektes ist die Sammlung und Erschlie\u00dfung von Biografien zu Pers\u00f6nlichkeiten in und aus dem Gebiet des heutigen Bundeslandes &#8230;<\/p>\n<p> <a class=\"continue-reading-link\" href=\"https:\/\/www.histdata.uni-halle.de\/?page_id=72\"><span>Continue reading<\/span><i class=\"crycon-right-dir\"><\/i><\/a> <\/p>\n","protected":false},"author":1,"featured_media":0,"parent":0,"menu_order":0,"comment_status":"closed","ping_status":"closed","template":"","meta":{"footnotes":""},"class_list":["post-72","page","type-page","status-publish","hentry"],"_links":{"self":[{"href":"https:\/\/www.histdata.uni-halle.de\/index.php?rest_route=\/wp\/v2\/pages\/72"}],"collection":[{"href":"https:\/\/www.histdata.uni-halle.de\/index.php?rest_route=\/wp\/v2\/pages"}],"about":[{"href":"https:\/\/www.histdata.uni-halle.de\/index.php?rest_route=\/wp\/v2\/types\/page"}],"author":[{"embeddable":true,"href":"https:\/\/www.histdata.uni-halle.de\/index.php?rest_route=\/wp\/v2\/users\/1"}],"replies":[{"embeddable":true,"href":"https:\/\/www.histdata.uni-halle.de\/index.php?rest_route=%2Fwp%2Fv2%2Fcomments&post=72"}],"version-history":[{"count":5,"href":"https:\/\/www.histdata.uni-halle.de\/index.php?rest_route=\/wp\/v2\/pages\/72\/revisions"}],"predecessor-version":[{"id":131,"href":"https:\/\/www.histdata.uni-halle.de\/index.php?rest_route=\/wp\/v2\/pages\/72\/revisions\/131"}],"wp:attachment":[{"href":"https:\/\/www.histdata.uni-halle.de\/index.php?rest_route=%2Fwp%2Fv2%2Fmedia&parent=72"}],"curies":[{"name":"wp","href":"https:\/\/api.w.org\/{rel}","templated":true}]}}